{"id":13,"date":"2022-08-07T22:47:27","date_gmt":"2022-08-07T22:47:27","guid":{"rendered":"https:\/\/frenchporn.top\/?page_id=13"},"modified":"2022-08-07T22:47:27","modified_gmt":"2022-08-07T22:47:27","slug":"conditions-dutilisation","status":"publish","type":"page","link":"https:\/\/frenchporn.top\/fr\/conditions-dutilisation\/","title":{"rendered":"Conditions d'utilisation"},"content":{"rendered":"<p>En utilisant ou en visitant notre site, vous acceptez les termes et conditions contenus dans le pr\u00e9sent document et tous les amendements et modifications futurs.<\/p>\n<p>Ces conditions sont susceptibles d'\u00eatre modifi\u00e9es \u00e0 tout moment et vous acceptez d'\u00eatre li\u00e9 par toutes les modifications, tous les changements et toutes les r\u00e9visions. Si vous n'\u00eates pas d'accord, n'utilisez pas notre site.<\/p>\n<p>Notre site web permet le t\u00e9l\u00e9chargement, le partage et la visualisation g\u00e9n\u00e9rale de divers types de contenus, ce qui permet aux utilisateurs enregistr\u00e9s et non enregistr\u00e9s de partager et de visualiser des contenus pour adultes, notamment des images et des vid\u00e9os sexuellement explicites.<\/p>\n<p>Le site web peut \u00e9galement contenir certains liens vers des sites web tiers qui ne sont en aucun cas d\u00e9tenus ou contr\u00f4l\u00e9s par nous. Nous n'assumons aucune responsabilit\u00e9 quant au contenu, aux politiques de confidentialit\u00e9 et aux pratiques de ces sites tiers. Nous ne pouvons pas censurer ou \u00e9diter le contenu des sites tiers. Vous reconnaissez que nous ne serons pas responsables de toute responsabilit\u00e9 d\u00e9coulant de votre utilisation d'un site web tiers.<\/p>\n<p>Vous affirmez \u00eatre \u00e2g\u00e9 d'au moins dix-huit (18) ans et\/ou avoir atteint l'\u00e2ge de la majorit\u00e9 dans la juridiction o\u00f9 vous r\u00e9sidez et \u00e0 partir de laquelle vous acc\u00e9dez au site Web si l'\u00e2ge de la majorit\u00e9 est sup\u00e9rieur \u00e0 dix-huit (18) ans. Si vous \u00eates \u00e2g\u00e9 de moins de 18 ans et\/ou si vous n'avez pas atteint l'\u00e2ge de la majorit\u00e9 dans la juridiction o\u00f9 vous r\u00e9sidez et \u00e0 partir de laquelle vous acc\u00e9dez au site Web, vous n'\u00eates pas autoris\u00e9 \u00e0 utiliser le site Web.<\/p>\n<p>Vous acceptez de ne pas publier de contenu ill\u00e9gal, ill\u00e9gal, harcelant, nuisible, mena\u00e7ant, abusif, diffamatoire, obsc\u00e8ne, calomnieux, haineux ou racial.<\/p>\n<p>Vous acceptez \u00e9galement de ne pas poster, t\u00e9l\u00e9charger ou publier de mat\u00e9riel contenant des virus ou tout code con\u00e7u pour d\u00e9truire, interrompre, limiter la fonctionnalit\u00e9 ou surveiller tout ordinateur.<\/p>\n<p>Vous convenez que vous ne publierez pas, ne t\u00e9l\u00e9chargerez pas et ne publierez pas de contenu qui viole, intentionnellement ou non, toute loi locale, \u00e9tatique, nationale ou internationale applicable.<\/p>\n<p>Vous vous engagez \u00e0 ne pas publier, t\u00e9l\u00e9charger ou diffuser de contenu d\u00e9crivant une activit\u00e9 ill\u00e9gale ou un acte de cruaut\u00e9 envers les animaux ; vous vous engagez \u00e0 ne pas utiliser notre site d'une mani\u00e8re qui pourrait nous exposer \u00e0 une responsabilit\u00e9 p\u00e9nale ou civile.<\/p>\n<p>Le contenu de notre site ne peut \u00eatre utilis\u00e9, copi\u00e9, reproduit, distribu\u00e9, transmis, diffus\u00e9, affich\u00e9, vendu, conc\u00e9d\u00e9 sous licence ou exploit\u00e9 de toute autre mani\u00e8re \u00e0 quelque fin que ce soit sans notre accord \u00e9crit pr\u00e9alable.<\/p>\n<p>En soumettant une vid\u00e9o \u00e0 notre site, vous acceptez de ne pas soumettre de mat\u00e9riel prot\u00e9g\u00e9 par des droits d'auteur ou soumis \u00e0 des droits de propri\u00e9t\u00e9 de tiers, ni de soumettre du mat\u00e9riel obsc\u00e8ne, ill\u00e9gal, illicite, diffamatoire, calomnieux, harcelant, haineux ou encourageant une conduite qui serait consid\u00e9r\u00e9e comme une infraction p\u00e9nale.<\/p>","protected":false},"excerpt":{"rendered":"<p>By using or visiting our site, you agree to the terms and conditions contained herein and all future amendments and modifications. These terms and conditions are subject to change at any time and you agree be bound by all modifications, changes and revisions. If you do not agree, then don\u2019t use our site. Our website [&#8230;]<\/p>\n<p><a class=\"btn btn-primary wpst-read-more-link\" href=\"https:\/\/frenchporn.top\/fr\/conditions-dutilisation\/\">Read More&#8230;<\/a><\/p>\n","protected":false},"author":1,"featured_media":0,"parent":0,"menu_order":0,"comment_status":"closed","ping_status":"closed","template":"","meta":{"footnotes":""},"class_list":["post-13","page","type-page","status-publish","hentry"],"_links":{"self":[{"href":"https:\/\/frenchporn.top\/fr\/wp-json\/wp\/v2\/pages\/13","targetHints":{"allow":["GET"]}}],"collection":[{"href":"https:\/\/frenchporn.top\/fr\/wp-json\/wp\/v2\/pages"}],"about":[{"href":"https:\/\/frenchporn.top\/fr\/wp-json\/wp\/v2\/types\/page"}],"author":[{"embeddable":true,"href":"https:\/\/frenchporn.top\/fr\/wp-json\/wp\/v2\/users\/1"}],"replies":[{"embeddable":true,"href":"https:\/\/frenchporn.top\/fr\/wp-json\/wp\/v2\/comments?post=13"}],"version-history":[{"count":0,"href":"https:\/\/frenchporn.top\/fr\/wp-json\/wp\/v2\/pages\/13\/revisions"}],"wp:attachment":[{"href":"https:\/\/frenchporn.top\/fr\/wp-json\/wp\/v2\/media?parent=13"}],"curies":[{"name":"wp","href":"https:\/\/api.w.org\/{rel}","templated":true}]}}